{"id":26,"date":"2024-10-13T17:17:12","date_gmt":"2024-10-13T15:17:12","guid":{"rendered":"http:\/\/es-plaquiste.fr\/?page_id=26"},"modified":"2025-02-23T14:39:35","modified_gmt":"2025-02-23T13:39:35","slug":"plaquiste-brissac-angers","status":"publish","type":"page","link":"http:\/\/www.es-plaquiste.fr\/index.php\/plaquiste-brissac-angers\/","title":{"rendered":"Accueil"},"content":{"rendered":"\t\t<div data-elementor-type=\"wp-page\" data-elementor-id=\"26\" class=\"elementor elementor-26\">\n\t\t\t\t<div class=\"elementor-element elementor-element-3963b42b e-flex e-con-boxed e-con e-parent\" data-id=\"3963b42b\" data-element_type=\"container\">\n\t\t\t\t\t<div class=\"e-con-inner\">\n\t\t\t\t<div class=\"elementor-element elementor-element-4ebda9b3 elementor-widget elementor-widget-text-editor\" data-id=\"4ebda9b3\" data-element_type=\"widget\" data-widget_type=\"text-editor.default\">\n\t\t\t\t<div class=\"elementor-widget-container\">\n\t\t\t\t\t\t\t\t\t\n<p>ESPlaquiste, bas\u00e9 \u00e0 Vauchr\u00e9tien, Nous r\u00e9pondons \u00e0 toutes vos demandes pour vos travaux de pl\u00e2trerie, que ce soit dans le cadre d&rsquo;un projet de construction, r\u00e9novation, d&rsquo;agencement ou d&rsquo;am\u00e9nagement de combles.<br \/>Nous r\u00e9alisons la pose de plaques de pl\u00e2tre, de faux plafonds, de doublages, etc. Nous posons \u00e9galement des plafonds d\u00e9coratifs et d\u00e9montables. Nous r\u00e9alisons un am\u00e9nagement sur mesure adapt\u00e9 \u00e0 vos espaces.<\/p>\n\n<p>\u00a0<\/p>\n\n<p>\u00a0<\/p>\n\t\t\t\t\t\t\t\t<\/div>\n\t\t\t\t<\/div>\n\t\t\t\t\t<\/div>\n\t\t\t\t<\/div>\n\t\t\t\t<\/div>\n\t\t","protected":false},"excerpt":{"rendered":"<p>ESPlaquiste, bas\u00e9 \u00e0 Vauchr\u00e9tien, Nous r\u00e9pondons \u00e0 toutes vos demandes pour vos travaux de pl\u00e2trerie, que ce soit dans le cadre d&rsquo;un projet de construction, r\u00e9novation, d&rsquo;agencement ou d&rsquo;am\u00e9nagement de combles.Nous r\u00e9alisons la pose de plaques de pl\u00e2tre, de faux plafonds, de doublages, etc. Nous posons \u00e9galement des plafonds d\u00e9coratifs et d\u00e9montables. Nous r\u00e9alisons un [&hellip;]<\/p>\n","protected":false},"author":1,"featured_media":0,"parent":0,"menu_order":0,"comment_status":"open","ping_status":"closed","template":"","meta":{"footnotes":""},"class_list":["post-26","page","type-page","status-publish","hentry"],"yoast_head":"<!-- This site is optimized with the Yoast SEO plugin v27.5 - https:\/\/yoast.com\/product\/yoast-seo-wordpress\/ -->\n<title>ES Plaquiste - Artisan Plaquiste \u00e0 Brissac Loire Aubance<\/title>\n<meta name=\"description\" content=\"plaquiste brissac loire aubance vauchr\u00e9tien angers maine et loire 49 artisan travaux platre cloison am\u00e9nagement agrandissement maison\" \/>\n<meta name=\"robots\" content=\"index, follow, max-snippet:-1, max-image-preview:large, max-video-preview:-1\" \/>\n<link rel=\"canonical\" href=\"http:\/\/www.es-plaquiste.fr\/index.php\/plaquiste-brissac-angers\/\" \/>\n<meta property=\"og:locale\" content=\"fr_FR\" \/>\n<meta property=\"og:type\" content=\"article\" \/>\n<meta property=\"og:title\" content=\"ES Plaquiste - Artisan Plaquiste \u00e0 Brissac Loire Aubance\" \/>\n<meta property=\"og:description\" content=\"plaquiste brissac loire aubance vauchr\u00e9tien angers maine et loire 49 artisan travaux platre cloison am\u00e9nagement agrandissement maison\" \/>\n<meta property=\"og:url\" content=\"http:\/\/www.es-plaquiste.fr\/index.php\/plaquiste-brissac-angers\/\" \/>\n<meta property=\"og:site_name\" content=\"ES Plaquiste\" \/>\n<meta property=\"article:modified_time\" content=\"2025-02-23T13:39:35+00:00\" \/>\n<meta name=\"twitter:card\" content=\"summary_large_image\" \/>\n<meta name=\"twitter:label1\" content=\"Dur\u00e9e de lecture estim\u00e9e\" \/>\n\t<meta name=\"twitter:data1\" content=\"1 minute\" \/>\n<script type=\"application\/ld+json\" class=\"yoast-schema-graph\">{\"@context\":\"https:\\\/\\\/schema.org\",\"@graph\":[{\"@type\":\"WebPage\",\"@id\":\"http:\\\/\\\/www.es-plaquiste.fr\\\/index.php\\\/plaquiste-brissac-angers\\\/\",\"url\":\"http:\\\/\\\/www.es-plaquiste.fr\\\/index.php\\\/plaquiste-brissac-angers\\\/\",\"name\":\"ES Plaquiste - Artisan Plaquiste \u00e0 Brissac Loire Aubance\",\"isPartOf\":{\"@id\":\"http:\\\/\\\/www.es-plaquiste.fr\\\/#website\"},\"datePublished\":\"2024-10-13T15:17:12+00:00\",\"dateModified\":\"2025-02-23T13:39:35+00:00\",\"description\":\"plaquiste brissac loire aubance vauchr\u00e9tien angers maine et loire 49 artisan travaux platre cloison am\u00e9nagement agrandissement maison\",\"breadcrumb\":{\"@id\":\"http:\\\/\\\/www.es-plaquiste.fr\\\/index.php\\\/plaquiste-brissac-angers\\\/#breadcrumb\"},\"inLanguage\":\"fr-FR\",\"potentialAction\":[{\"@type\":\"ReadAction\",\"target\":[\"http:\\\/\\\/www.es-plaquiste.fr\\\/index.php\\\/plaquiste-brissac-angers\\\/\"]}]},{\"@type\":\"BreadcrumbList\",\"@id\":\"http:\\\/\\\/www.es-plaquiste.fr\\\/index.php\\\/plaquiste-brissac-angers\\\/#breadcrumb\",\"itemListElement\":[{\"@type\":\"ListItem\",\"position\":1,\"name\":\"Accueil\",\"item\":\"http:\\\/\\\/www.es-plaquiste.fr\\\/\"},{\"@type\":\"ListItem\",\"position\":2,\"name\":\"Accueil\"}]},{\"@type\":\"WebSite\",\"@id\":\"http:\\\/\\\/www.es-plaquiste.fr\\\/#website\",\"url\":\"http:\\\/\\\/www.es-plaquiste.fr\\\/\",\"name\":\"ES Plaquiste\",\"description\":\"Plaquiste \u00e0 Brissac Loire Aubance\",\"potentialAction\":[{\"@type\":\"SearchAction\",\"target\":{\"@type\":\"EntryPoint\",\"urlTemplate\":\"http:\\\/\\\/www.es-plaquiste.fr\\\/?s={search_term_string}\"},\"query-input\":{\"@type\":\"PropertyValueSpecification\",\"valueRequired\":true,\"valueName\":\"search_term_string\"}}],\"inLanguage\":\"fr-FR\"}]}<\/script>\n<!-- \/ Yoast SEO plugin. -->","yoast_head_json":{"title":"ES Plaquiste - Artisan Plaquiste \u00e0 Brissac Loire Aubance","description":"plaquiste brissac loire aubance vauchr\u00e9tien angers maine et loire 49 artisan travaux platre cloison am\u00e9nagement agrandissement maison","robots":{"index":"index","follow":"follow","max-snippet":"max-snippet:-1","max-image-preview":"max-image-preview:large","max-video-preview":"max-video-preview:-1"},"canonical":"http:\/\/www.es-plaquiste.fr\/index.php\/plaquiste-brissac-angers\/","og_locale":"fr_FR","og_type":"article","og_title":"ES Plaquiste - Artisan Plaquiste \u00e0 Brissac Loire Aubance","og_description":"plaquiste brissac loire aubance vauchr\u00e9tien angers maine et loire 49 artisan travaux platre cloison am\u00e9nagement agrandissement maison","og_url":"http:\/\/www.es-plaquiste.fr\/index.php\/plaquiste-brissac-angers\/","og_site_name":"ES Plaquiste","article_modified_time":"2025-02-23T13:39:35+00:00","twitter_card":"summary_large_image","twitter_misc":{"Dur\u00e9e de lecture estim\u00e9e":"1 minute"},"schema":{"@context":"https:\/\/schema.org","@graph":[{"@type":"WebPage","@id":"http:\/\/www.es-plaquiste.fr\/index.php\/plaquiste-brissac-angers\/","url":"http:\/\/www.es-plaquiste.fr\/index.php\/plaquiste-brissac-angers\/","name":"ES Plaquiste - Artisan Plaquiste \u00e0 Brissac Loire Aubance","isPartOf":{"@id":"http:\/\/www.es-plaquiste.fr\/#website"},"datePublished":"2024-10-13T15:17:12+00:00","dateModified":"2025-02-23T13:39:35+00:00","description":"plaquiste brissac loire aubance vauchr\u00e9tien angers maine et loire 49 artisan travaux platre cloison am\u00e9nagement agrandissement maison","breadcrumb":{"@id":"http:\/\/www.es-plaquiste.fr\/index.php\/plaquiste-brissac-angers\/#breadcrumb"},"inLanguage":"fr-FR","potentialAction":[{"@type":"ReadAction","target":["http:\/\/www.es-plaquiste.fr\/index.php\/plaquiste-brissac-angers\/"]}]},{"@type":"BreadcrumbList","@id":"http:\/\/www.es-plaquiste.fr\/index.php\/plaquiste-brissac-angers\/#breadcrumb","itemListElement":[{"@type":"ListItem","position":1,"name":"Accueil","item":"http:\/\/www.es-plaquiste.fr\/"},{"@type":"ListItem","position":2,"name":"Accueil"}]},{"@type":"WebSite","@id":"http:\/\/www.es-plaquiste.fr\/#website","url":"http:\/\/www.es-plaquiste.fr\/","name":"ES Plaquiste","description":"Plaquiste \u00e0 Brissac Loire Aubance","potentialAction":[{"@type":"SearchAction","target":{"@type":"EntryPoint","urlTemplate":"http:\/\/www.es-plaquiste.fr\/?s={search_term_string}"},"query-input":{"@type":"PropertyValueSpecification","valueRequired":true,"valueName":"search_term_string"}}],"inLanguage":"fr-FR"}]}},"_links":{"self":[{"href":"http:\/\/www.es-plaquiste.fr\/index.php\/wp-json\/wp\/v2\/pages\/26","targetHints":{"allow":["GET"]}}],"collection":[{"href":"http:\/\/www.es-plaquiste.fr\/index.php\/wp-json\/wp\/v2\/pages"}],"about":[{"href":"http:\/\/www.es-plaquiste.fr\/index.php\/wp-json\/wp\/v2\/types\/page"}],"author":[{"embeddable":true,"href":"http:\/\/www.es-plaquiste.fr\/index.php\/wp-json\/wp\/v2\/users\/1"}],"replies":[{"embeddable":true,"href":"http:\/\/www.es-plaquiste.fr\/index.php\/wp-json\/wp\/v2\/comments?post=26"}],"version-history":[{"count":4,"href":"http:\/\/www.es-plaquiste.fr\/index.php\/wp-json\/wp\/v2\/pages\/26\/revisions"}],"predecessor-version":[{"id":219,"href":"http:\/\/www.es-plaquiste.fr\/index.php\/wp-json\/wp\/v2\/pages\/26\/revisions\/219"}],"wp:attachment":[{"href":"http:\/\/www.es-plaquiste.fr\/index.php\/wp-json\/wp\/v2\/media?parent=26"}],"curies":[{"name":"wp","href":"https:\/\/api.w.org\/{rel}","templated":true}]}}